{"id":32,"date":"2025-06-23T20:02:41","date_gmt":"2025-06-23T18:02:41","guid":{"rendered":"https:\/\/www.gartenhaus-yoga.de\/?page_id=32"},"modified":"2025-09-18T22:56:42","modified_gmt":"2025-09-18T20:56:42","slug":"kontakt","status":"publish","type":"page","link":"https:\/\/www.canalettostudio.de\/index.php\/kontakt\/","title":{"rendered":"Kontakt"},"content":{"rendered":"\n<p>Du m\u00f6chtest das Studio anmieten und besichtigen? Besichtigungen und Absprachen sind nach Terminvereinbarung m\u00f6glich. In der Regel Montag bis Freitag 12-17 Uhr.<\/p>\n\n\n\n<p>Schreibe uns kurz \u00fcber dich und was du vor hast: info@canalettostudio.de<\/p>\n","protected":false},"excerpt":{"rendered":"<p>Du m\u00f6chtest das Studio anmieten und besichtigen? Besichtigungen und Absprachen sind nach Terminvereinbarung m\u00f6glich. In der Regel Montag bis Freitag 12-17 Uhr. Schreibe uns kurz \u00fcber dich und was du vor hast: info@canalettostudio.de<\/p>\n","protected":false},"author":1,"featured_media":37,"parent":0,"menu_order":0,"comment_status":"closed","ping_status":"closed","template":"","meta":{"footnotes":""},"class_list":["post-32","page","type-page","status-publish","has-post-thumbnail","hentry"],"_links":{"self":[{"href":"https:\/\/www.canalettostudio.de\/index.php\/wp-json\/wp\/v2\/pages\/32","targetHints":{"allow":["GET"]}}],"collection":[{"href":"https:\/\/www.canalettostudio.de\/index.php\/wp-json\/wp\/v2\/pages"}],"about":[{"href":"https:\/\/www.canalettostudio.de\/index.php\/wp-json\/wp\/v2\/types\/page"}],"author":[{"embeddable":true,"href":"https:\/\/www.canalettostudio.de\/index.php\/wp-json\/wp\/v2\/users\/1"}],"replies":[{"embeddable":true,"href":"https:\/\/www.canalettostudio.de\/index.php\/wp-json\/wp\/v2\/comments?post=32"}],"version-history":[{"count":8,"href":"https:\/\/www.canalettostudio.de\/index.php\/wp-json\/wp\/v2\/pages\/32\/revisions"}],"predecessor-version":[{"id":194,"href":"https:\/\/www.canalettostudio.de\/index.php\/wp-json\/wp\/v2\/pages\/32\/revisions\/194"}],"wp:featuredmedia":[{"embeddable":true,"href":"https:\/\/www.canalettostudio.de\/index.php\/wp-json\/wp\/v2\/media\/37"}],"wp:attachment":[{"href":"https:\/\/www.canalettostudio.de\/index.php\/wp-json\/wp\/v2\/media?parent=32"}],"curies":[{"name":"wp","href":"https:\/\/api.w.org\/{rel}","templated":true}]}}