{"id":30,"date":"2025-06-23T20:02:41","date_gmt":"2025-06-23T18:02:41","guid":{"rendered":"https:\/\/www.gartenhaus-yoga.de\/?page_id=30"},"modified":"2025-06-24T13:11:46","modified_gmt":"2025-06-24T11:11:46","slug":"unser-studio","status":"publish","type":"page","link":"https:\/\/www.canalettostudio.de\/","title":{"rendered":"Unser Studio"},"content":{"rendered":"\n<p>Das Studio im <a href=\"https:\/\/de.wikipedia.org\/wiki\/Vogelsches_Gartenhaus\" target=\"_blank\" rel=\"noreferrer noopener\">Vogelschen Gartenhaus<\/a> ist ein Raum mit dem wohl sch\u00f6nsten Ausblick auf Dresden: dem malerischen &#8222;Canaletto-Blick&#8220;. Hier findest du einen ganz besonderen Ort der Ruhe, Nat\u00fcrlichkeit und Energie. Idyllisch gelegen in einer historischen Gartenanlage, umgeben von Wasser, Wiesen und bl\u00fchenden B\u00e4umen. Mitten in der Stadt.<\/p>\n","protected":false},"excerpt":{"rendered":"<p>Das Studio im Vogelschen Gartenhaus ist ein Raum mit dem wohl sch\u00f6nsten Ausblick auf Dresden: dem malerischen &#8222;Canaletto-Blick&#8220;. Hier findest du einen ganz besonderen Ort der Ruhe, Nat\u00fcrlichkeit und Energie. Idyllisch gelegen in einer historischen Gartenanlage, umgeben von Wasser, Wiesen und bl\u00fchenden B\u00e4umen. Mitten in der Stadt.<\/p>\n","protected":false},"author":1,"featured_media":15,"parent":0,"menu_order":0,"comment_status":"closed","ping_status":"closed","template":"","meta":{"footnotes":""},"class_list":["post-30","page","type-page","status-publish","has-post-thumbnail","hentry"],"_links":{"self":[{"href":"https:\/\/www.canalettostudio.de\/index.php\/wp-json\/wp\/v2\/pages\/30","targetHints":{"allow":["GET"]}}],"collection":[{"href":"https:\/\/www.canalettostudio.de\/index.php\/wp-json\/wp\/v2\/pages"}],"about":[{"href":"https:\/\/www.canalettostudio.de\/index.php\/wp-json\/wp\/v2\/types\/page"}],"author":[{"embeddable":true,"href":"https:\/\/www.canalettostudio.de\/index.php\/wp-json\/wp\/v2\/users\/1"}],"replies":[{"embeddable":true,"href":"https:\/\/www.canalettostudio.de\/index.php\/wp-json\/wp\/v2\/comments?post=30"}],"version-history":[{"count":12,"href":"https:\/\/www.canalettostudio.de\/index.php\/wp-json\/wp\/v2\/pages\/30\/revisions"}],"predecessor-version":[{"id":120,"href":"https:\/\/www.canalettostudio.de\/index.php\/wp-json\/wp\/v2\/pages\/30\/revisions\/120"}],"wp:featuredmedia":[{"embeddable":true,"href":"https:\/\/www.canalettostudio.de\/index.php\/wp-json\/wp\/v2\/media\/15"}],"wp:attachment":[{"href":"https:\/\/www.canalettostudio.de\/index.php\/wp-json\/wp\/v2\/media?parent=30"}],"curies":[{"name":"wp","href":"https:\/\/api.w.org\/{rel}","templated":true}]}}